{"id":55,"date":"2022-01-29T00:48:33","date_gmt":"2022-01-28T23:48:33","guid":{"rendered":"https:\/\/woloftech.sn\/?page_id=55"},"modified":"2024-07-22T14:07:06","modified_gmt":"2024-07-22T12:07:06","slug":"blog","status":"publish","type":"page","link":"https:\/\/woloftech.sn\/fr_fr\/blog\/","title":{"rendered":"Blog"},"content":{"rendered":"<div data-elementor-type=\"wp-post\" data-elementor-id=\"9988\" class=\"elementor elementor-9988\" data-elementor-settings=\"[]\">\n\t\t\t\t\t\t\t<div class=\"elementor-section-wrap\">\n\t\t\t\t\t\t\t<section class=\"has_ae_slider elementor-section elementor-top-section elementor-element elementor-element-5025000d elementor-section-content-middle elementor-section-boxed elementor-section-height-default elementor-section-height-default ae-bg-gallery-type-default\" data-id=\"5025000d\" data-element_type=\"section\">\n\t\t\t\t\t\t<div class=\"elementor-container elementor-column-gap-no\">\n\t\t\t\t\t<div class=\"has_ae_slider elementor-column elementor-col-50 elementor-top-column elementor-element elementor-element-204ab83f ae-bg-gallery-type-default\" data-id=\"204ab83f\" data-element_type=\"column\">\n\t\t\t<div class=\"elementor-widget-wrap elementor-element-populated\">\n\t\t\t\t\t\t\t\t<div class=\"elementor-element elementor-element-51647c60 elementor-widget elementor-widget-image\" data-id=\"51647c60\" data-element_type=\"widget\" data-widget_type=\"image.default\">\n\t\t\t\t<div class=\"elementor-widget-container\">\n\t\t\t<style>\/*! elementor - v3.5.3 - 28-12-2021 *\/\n.elementor-widget-image{text-align:center}.elementor-widget-image a{display:inline-block}.elementor-widget-image a img[src$=\".svg\"]{width:48px}.elementor-widget-image img{vertical-align:middle;display:inline-block}<\/style>\t\t\t\t\t\t\t\t\t\t\t\t<img width=\"2240\" height=\"1260\" src=\"https:\/\/woloftech.sn\/wp-content\/uploads\/2024\/06\/article-3.png\" class=\"attachment-full size-full\" alt=\"Podcasts d&#039;Entreprise : La R\u00e9volution de la Communication Interne et Externe\" srcset=\"https:\/\/woloftech.sn\/wp-content\/uploads\/2024\/06\/article-3.png 2240w, https:\/\/woloftech.sn\/wp-content\/uploads\/2024\/06\/article-3-300x169.png 300w, https:\/\/woloftech.sn\/wp-content\/uploads\/2024\/06\/article-3-1024x576.png 1024w, https:\/\/woloftech.sn\/wp-content\/uploads\/2024\/06\/article-3-768x432.png 768w, https:\/\/woloftech.sn\/wp-content\/uploads\/2024\/06\/article-3-1536x864.png 1536w, https:\/\/woloftech.sn\/wp-content\/uploads\/2024\/06\/article-3-2048x1152.png 2048w, https:\/\/woloftech.sn\/wp-content\/uploads\/2024\/06\/article-3-18x10.png 18w, https:\/\/woloftech.sn\/wp-content\/uploads\/2024\/06\/article-3-1320x743.png 1320w, https:\/\/woloftech.sn\/wp-content\/uploads\/2024\/06\/article-3-600x338.png 600w\" sizes=\"(max-width: 2240px) 100vw, 2240px\" \/>\t\t\t\t\t\t\t\t\t\t\t\t\t\t\t<\/div>\n\t\t\t\t<\/div>\n\t\t\t\t\t<\/div>\n\t\t<\/div>\n\t\t\t\t<div class=\"has_ae_slider elementor-column elementor-col-50 elementor-top-column elementor-element elementor-element-72e1ab23 ae-bg-gallery-type-default\" data-id=\"72e1ab23\" data-element_type=\"column\">\n\t\t\t<div class=\"elementor-widget-wrap elementor-element-populated\">\n\t\t\t\t\t\t\t\t<div class=\"elementor-element elementor-element-3054352b elementor-widget elementor-widget-heading\" data-id=\"3054352b\" data-element_type=\"widget\" data-widget_type=\"heading.default\">\n\t\t\t\t<div class=\"elementor-widget-container\">\n\t\t\t<h4 class=\"elementor-heading-title elementor-size-default\">Podcasts d'Entreprise : La R\u00e9volution de la Communication Interne et Externe<\/h4>\t\t<\/div>\n\t\t\t\t<\/div>\n\t\t\t\t<div class=\"elementor-element elementor-element-41f1578d elementor-widget elementor-widget-text-editor\" data-id=\"41f1578d\" data-element_type=\"widget\" data-widget_type=\"text-editor.default\">\n\t\t\t\t<div class=\"elementor-widget-container\">\n\t\t\t<style>\/*! elementor - v3.5.3 - 28-12-2021 *\/\n.elementor-widget-text-editor.elementor-drop-cap-view-stacked .elementor-drop-cap{background-color:#818a91;color:#fff}.elementor-widget-text-editor.elementor-drop-cap-view-framed .elementor-drop-cap{color:#818a91;border:3px solid;background-color:transparent}.elementor-widget-text-editor:not(.elementor-drop-cap-view-default) .elementor-drop-cap{margin-top:8px}.elementor-widget-text-editor:not(.elementor-drop-cap-view-default) .elementor-drop-cap-letter{width:1em;height:1em}.elementor-widget-text-editor .elementor-drop-cap{float:left;text-align:center;line-height:1;font-size:50px}.elementor-widget-text-editor .elementor-drop-cap-letter{display:inline-block}<\/style>\t\t\t\t<p><em><strong>Une Nouvelle <\/strong><\/em><\/p><\/div><\/div><\/div><\/div><\/div><\/section><\/div><\/div>&hellip; <a href=\"https:\/\/woloftech.sn\/fr_fr\/podcasts-dentreprise-la-revolution-de-la-communication\/\" class=\"read-more\">Read the rest <\/a>","protected":false},"excerpt":{"rendered":"<div data-elementor-type=\"wp-post\" data-elementor-id=\"9988\" class=\"elementor elementor-9988\" data-elementor-settings=\"[]\">\n\t\t\t\t\t\t\t<div class=\"elementor-section-wrap\">\n\t\t\t\t\t\t\t<section class=\"has_ae_slider elementor-section elementor-top-section elementor-element elementor-element-5025000d elementor-section-content-middle elementor-section-boxed elementor-section-height-default elementor-section-height-default ae-bg-gallery-type-default\" data-id=\"5025000d\" data-element_type=\"section\">\n\t\t\t\t\t\t<div class=\"elementor-container elementor-column-gap-no\">\n\t\t\t\t\t<div class=\"has_ae_slider elementor-column elementor-col-50 elementor-top-column elementor-element elementor-element-204ab83f ae-bg-gallery-type-default\" data-id=\"204ab83f\" data-element_type=\"column\">\n\t\t\t<div class=\"elementor-widget-wrap elementor-element-populated\">\n\t\t\t\t\t\t\t\t<div class=\"elementor-element elementor-element-51647c60 elementor-widget elementor-widget-image\" data-id=\"51647c60\" data-element_type=\"widget\" data-widget_type=\"image.default\">\n\t\t\t\t<div class=\"elementor-widget-container\">\n\t\t\t\t\t\t\t\t\t\t\t\t\t\t\t<img width=\"2240\" height=\"1260\" src=\"https:\/\/woloftech.sn\/wp-content\/uploads\/2024\/06\/article-3.png\" class=\"attachment-full size-full\" alt=\"Podcasts d&#039;Entreprise : La R\u00e9volution de la Communication Interne et Externe\" srcset=\"https:\/\/woloftech.sn\/wp-content\/uploads\/2024\/06\/article-3.png 2240w, https:\/\/woloftech.sn\/wp-content\/uploads\/2024\/06\/article-3-300x169.png 300w, https:\/\/woloftech.sn\/wp-content\/uploads\/2024\/06\/article-3-1024x576.png 1024w, https:\/\/woloftech.sn\/wp-content\/uploads\/2024\/06\/article-3-768x432.png 768w, https:\/\/woloftech.sn\/wp-content\/uploads\/2024\/06\/article-3-1536x864.png 1536w, https:\/\/woloftech.sn\/wp-content\/uploads\/2024\/06\/article-3-2048x1152.png 2048w, https:\/\/woloftech.sn\/wp-content\/uploads\/2024\/06\/article-3-18x10.png 18w, https:\/\/woloftech.sn\/wp-content\/uploads\/2024\/06\/article-3-1320x743.png 1320w, https:\/\/woloftech.sn\/wp-content\/uploads\/2024\/06\/article-3-600x338.png 600w\" sizes=\"(max-width: 2240px) 100vw, 2240px\" \/>\t\t\t\t\t\t\t\t\t\t\t\t\t\t\t<\/div>\n\t\t\t\t<\/div>\n\t\t\t\t\t<\/div>\n\t\t<\/div>\n\t\t\t\t<div class=\"has_ae_slider elementor-column elementor-col-50 elementor-top-column elementor-element elementor-element-72e1ab23 ae-bg-gallery-type-default\" data-id=\"72e1ab23\" data-element_type=\"column\">\n\t\t\t<div class=\"elementor-widget-wrap elementor-element-populated\">\n\t\t\t\t\t\t\t\t<div class=\"elementor-element elementor-element-3054352b elementor-widget elementor-widget-heading\" data-id=\"3054352b\" data-element_type=\"widget\" data-widget_type=\"heading.default\">\n\t\t\t\t<div class=\"elementor-widget-container\">\n\t\t\t<h4 class=\"elementor-heading-title elementor-size-default\">Podcasts d'Entreprise : La R\u00e9volution de la Communication Interne et Externe<\/h4>\t\t<\/div>\n\t\t\t\t<\/div>\n\t\t\t\t<div class=\"elementor-element elementor-element-41f1578d elementor-widget elementor-widget-text-editor\" data-id=\"41f1578d\" data-element_type=\"widget\" data-widget_type=\"text-editor.default\">\n\t\t\t\t<div class=\"elementor-widget-container\">\n\t\t\t\t\t\t\t<p><em><strong>Une Nouvelle Voie de Communication<\/strong><\/em><\/p><p>Les entreprises en Afrique sont \u00e0 un tournant crucial de leur d\u00e9veloppement num\u00e9rique. Avec la croissance rapide de l&#8217;acc\u00e8s \u00e0 internet et l&#8217;essor des <\/p><\/div><\/div><\/div><\/div><\/div><\/section><\/div><\/div>&hellip; <a href=\"https:\/\/woloftech.sn\/fr_fr\/podcasts-dentreprise-la-revolution-de-la-communication\/\" class=\"read-more\">Read the rest <\/a>","protected":false},"author":1,"featured_media":0,"parent":0,"menu_order":0,"comment_status":"closed","ping_status":"closed","template":"","meta":{"_exactmetrics_skip_tracking":false,"_exactmetrics_sitenote_active":false,"_exactmetrics_sitenote_note":"","_exactmetrics_sitenote_category":0,"site-sidebar-layout":"no-sidebar","site-content-layout":"page-builder","ast-main-header-display":"","ast-hfb-above-header-display":"","ast-hfb-below-header-display":"","ast-hfb-mobile-header-display":"","site-post-title":"disabled","ast-breadcrumbs-content":"","ast-featured-img":"disabled","footer-sml-layout":"","theme-transparent-header-meta":"","adv-header-id-meta":"","stick-header-meta":"","header-above-stick-meta":"","header-main-stick-meta":"","header-below-stick-meta":"","episode_type":"","audio_file":"","cover_image":"","cover_image_id":"","duration":"","filesize":"","date_recorded":"","explicit":"","block":"","filesize_raw":"","spay_email":""},"acf":[],"_links":{"self":[{"href":"https:\/\/woloftech.sn\/fr_fr\/wp-json\/wp\/v2\/pages\/55"}],"collection":[{"href":"https:\/\/woloftech.sn\/fr_fr\/wp-json\/wp\/v2\/pages"}],"about":[{"href":"https:\/\/woloftech.sn\/fr_fr\/wp-json\/wp\/v2\/types\/page"}],"author":[{"embeddable":true,"href":"https:\/\/woloftech.sn\/fr_fr\/wp-json\/wp\/v2\/users\/1"}],"replies":[{"embeddable":true,"href":"https:\/\/woloftech.sn\/fr_fr\/wp-json\/wp\/v2\/comments?post=55"}],"version-history":[{"count":56,"href":"https:\/\/woloftech.sn\/fr_fr\/wp-json\/wp\/v2\/pages\/55\/revisions"}],"predecessor-version":[{"id":10141,"href":"https:\/\/woloftech.sn\/fr_fr\/wp-json\/wp\/v2\/pages\/55\/revisions\/10141"}],"wp:attachment":[{"href":"https:\/\/woloftech.sn\/fr_fr\/wp-json\/wp\/v2\/media?parent=55"}],"curies":[{"name":"wp","href":"https:\/\/api.w.org\/{rel}","templated":true}]}}