{"id":49,"date":"2022-01-29T00:47:41","date_gmt":"2022-01-28T23:47:41","guid":{"rendered":"https:\/\/woloftech.sn\/?page_id=49"},"modified":"2025-08-26T20:46:14","modified_gmt":"2025-08-26T18:46:14","slug":"accueil","status":"publish","type":"page","link":"https:\/\/woloftech.sn\/fr_fr\/","title":{"rendered":"Accueil"},"content":{"rendered":"<p>La saison sp\u00e9ciale &#8220;WolofTech Pr\u00e9sidentiel 2024&#8221; vise \u00e0 offrir \u00e0 notre audience une plong\u00e9e immersive dans les perspectives des candidats \u00e0 l&#8217;\u00e9lection pr\u00e9sidentielle du S\u00e9n\u00e9gal concernant l&#8217;int\u00e9gration des nouvelles technologies dans leur vision pour le pays.<\/p>\n<p>\u00c0 travers des entrevues &hellip; <a href=\"https:\/\/woloftech.sn\/fr_fr\/saison\/jamono-12\/\" class=\"read-more\">Read the rest <\/a><\/p>","protected":false},"excerpt":{"rendered":"<p>La saison sp\u00e9ciale &#8220;WolofTech Pr\u00e9sidentiel 2024&#8221; vise \u00e0 offrir \u00e0 notre audience une plong\u00e9e immersive dans les perspectives des candidats \u00e0 l&#8217;\u00e9lection pr\u00e9sidentielle du S\u00e9n\u00e9gal concernant l&#8217;int\u00e9gration des nouvelles technologies dans leur vision pour le pays.<\/p>\n\n\n\n<p>\u00c0 travers des entrevues &hellip; <a href=\"https:\/\/woloftech.sn\/fr_fr\/saison\/jamono-12\/\" class=\"read-more\">Read the rest <\/a><\/p>","protected":false},"author":1,"featured_media":4126,"parent":0,"menu_order":0,"comment_status":"closed","ping_status":"closed","template":"","meta":{"_exactmetrics_skip_tracking":false,"_exactmetrics_sitenote_active":false,"_exactmetrics_sitenote_note":"","_exactmetrics_sitenote_category":0,"site-sidebar-layout":"no-sidebar","site-content-layout":"page-builder","ast-main-header-display":"","ast-hfb-above-header-display":"","ast-hfb-below-header-display":"","ast-hfb-mobile-header-display":"","site-post-title":"disabled","ast-breadcrumbs-content":"","ast-featured-img":"disabled","footer-sml-layout":"","theme-transparent-header-meta":"","adv-header-id-meta":"","stick-header-meta":"","header-above-stick-meta":"","header-main-stick-meta":"","header-below-stick-meta":"","episode_type":"","audio_file":"","cover_image":"","cover_image_id":"","duration":"","filesize":"","date_recorded":"","explicit":"","block":"","filesize_raw":"","spay_email":""},"acf":[],"_links":{"self":[{"href":"https:\/\/woloftech.sn\/fr_fr\/wp-json\/wp\/v2\/pages\/49"}],"collection":[{"href":"https:\/\/woloftech.sn\/fr_fr\/wp-json\/wp\/v2\/pages"}],"about":[{"href":"https:\/\/woloftech.sn\/fr_fr\/wp-json\/wp\/v2\/types\/page"}],"author":[{"embeddable":true,"href":"https:\/\/woloftech.sn\/fr_fr\/wp-json\/wp\/v2\/users\/1"}],"replies":[{"embeddable":true,"href":"https:\/\/woloftech.sn\/fr_fr\/wp-json\/wp\/v2\/comments?post=49"}],"version-history":[{"count":1836,"href":"https:\/\/woloftech.sn\/fr_fr\/wp-json\/wp\/v2\/pages\/49\/revisions"}],"predecessor-version":[{"id":10408,"href":"https:\/\/woloftech.sn\/fr_fr\/wp-json\/wp\/v2\/pages\/49\/revisions\/10408"}],"wp:featuredmedia":[{"embeddable":true,"href":"https:\/\/woloftech.sn\/fr_fr\/wp-json\/wp\/v2\/media\/4126"}],"wp:attachment":[{"href":"https:\/\/woloftech.sn\/fr_fr\/wp-json\/wp\/v2\/media?parent=49"}],"curies":[{"name":"wp","href":"https:\/\/api.w.org\/{rel}","templated":true}]}}