{"id":10040,"date":"2024-07-11T15:54:08","date_gmt":"2024-07-11T13:54:08","guid":{"rendered":"https:\/\/woloftech.sn\/?page_id=10040"},"modified":"2024-07-11T16:39:46","modified_gmt":"2024-07-11T14:39:46","slug":"demande-invitation","status":"publish","type":"page","link":"https:\/\/woloftech.sn\/fr_fr\/demande-invitation\/","title":{"rendered":"Demande Invitation"},"content":{"rendered":"<div data-elementor-type=\"wp-page\" data-elementor-id=\"10040\" class=\"elementor elementor-10040\" data-elementor-settings=\"[]\">\n\t\t\t\t\t\t\t<div class=\"elementor-section-wrap\">\n\t\t\t\t\t\t\t<section class=\"has_ae_slider elementor-section elementor-top-section elementor-element elementor-element-1879cae elementor-section-height-min-height elementor-section-stretched elementor-section-boxed elementor-section-height-default elementor-section-items-middle ae-bg-gallery-type-default\" data-id=\"1879cae\" data-element_type=\"section\" data-settings=\"{&quot;stretch_section&quot;:&quot;section-stretched&quot;,&quot;background_background&quot;:&quot;classic&quot;,&quot;shape_divider_bottom&quot;:&quot;wave-brush&quot;}\">\n\t\t\t\t\t\t\t<div class=\"elementor-background-overlay\"><\/div>\n\t\t\t\t\t\t<div class=\"elementor-shape elementor-shape-bottom\" data-negative=\"false\">\n\t\t\t<svg xmlns=\"http:\/\/www.w3.org\/2000\/svg\" viewbox=\"0 0 283.5 27.8\" preserveaspectratio=\"none\">\n\t<path class=\"elementor-shape-fill\" d=\"M283.5,9.7c0,0-7.3,4.3-14,4.6c-6.8,0.3-12.6,0-20.9-1.5c-11.3-2-33.1-10.1-44.7-5.7\ts-12.1,4.6-18,7.4c-6.6,3.2-20,9.6-36.6,9.3C131.6,23.5,99.5,7.2,86.3,8c-1.4,0.1-6.6,0.8-10.5,2c-3.8,1.2-9.4,3.8-17,4.7\tc-3.2,0.4-8.3,1.1-14.2,0.9c-1.5-0.1-6.3-0.4-12-1.6c-5.7-1.2-11-3.1-15.8-3.7C6.5,9.2,0,10.8,0,10.8V0h283.5V9.7z M260.8,11.3\tc-0.7-1-2-0.4-4.3-0.4c-2.3,0-6.1-1.2-5.8-1.1c0.3,0.1,3.1,1.5,6,1.9C259.7,12.2,261.4,12.3,260.8,11.3z M242.4,8.6\tc0,0-2.4-0.2-5.6-0.9c-3.2-0.8-10.3-2.8-15.1-3.5c-8.2-1.1-15.8,0-15.1,0.1c0.8,0.1,9.6-0.6,17.6,1.1c3.3,0.7,9.3,2.2,12.4,2.7\tC239.9,8.7,242.4,8.6,242.4,8.6z M185.2,8.5c1.7-0.7-13.3,4.7-18.5,6.1c-2.1,0.6-6.2,1.6-10,2c-3.9,0.4-8.9,0.4-8.8,0.5\tc0,0.2,5.8,0.8,11.2,0c5.4-0.8,5.2-1.1,7.6-1.6C170.5,14.7,183.5,9.2,185.2,8.5z M199.1,6.9c0.2,0-0.8-0.4-4.8,1.1\tc-4,1.5-6.7,3.5-6.9,3.7c-0.2,0.1,3.5-1.8,6.6-3C197,7.5,199,6.9,199.1,6.9z M283,6c-0.1,0.1-1.9,1.1-4.8,2.5s-6.9,2.8-6.7,2.7\tc0.2,0,3.5-0.6,7.4-2.5C282.8,6.8,283.1,5.9,283,6z M31.3,11.6c0.1-0.2-1.9-0.2-4.5-1.2s-5.4-1.6-7.8-2C15,7.6,7.3,8.5,7.7,8.6\tC8,8.7,15.9,8.3,20.2,9.3c2.2,0.5,2.4,0.5,5.7,1.6S31.2,11.9,31.3,11.6z M73,9.2c0.4-0.1,3.5-1.6,8.4-2.6c4.9-1.1,8.9-0.5,8.9-0.8\tc0-0.3-1-0.9-6.2-0.3S72.6,9.3,73,9.2z M71.6,6.7C71.8,6.8,75,5.4,77.3,5c2.3-0.3,1.9-0.5,1.9-0.6c0-0.1-1.1-0.2-2.7,0.2\tC74.8,5.1,71.4,6.6,71.6,6.7z M93.6,4.4c0.1,0.2,3.5,0.8,5.6,1.8c2.1,1,1.8,0.6,1.9,0.5c0.1-0.1-0.8-0.8-2.4-1.3\tC97.1,4.8,93.5,4.2,93.6,4.4z M65.4,11.1c-0.1,0.3,0.3,0.5,1.9-0.2s2.6-1.3,2.2-1.2s-0.9,0.4-2.5,0.8C65.3,10.9,65.5,10.8,65.4,11.1\tz M34.5,12.4c-0.2,0,2.1,0.8,3.3,0.9c1.2,0.1,2,0.1,2-0.2c0-0.3-0.1-0.5-1.6-0.4C36.6,12.8,34.7,12.4,34.5,12.4z M152.2,21.1\tc-0.1,0.1-2.4-0.3-7.5-0.3c-5,0-13.6-2.4-17.2-3.5c-3.6-1.1,10,3.9,16.5,4.1C150.5,21.6,152.3,21,152.2,21.1z\"\/>\n\t<path class=\"elementor-shape-fill\" d=\"M269.6,18c-0.1-0.1-4.6,0.3-7.2,0c-7.3-0.7-17-3.2-16.6-2.9c0.4,0.3,13.7,3.1,17,3.3\tC267.7,18.8,269.7,18,269.6,18z\"\/>\n\t<path class=\"elementor-shape-fill\" d=\"M227.4,9.8c-0.2-0.1-4.5-1-9.5-1.2c-5-0.2-12.7,0.6-12.3,0.5c0.3-0.1,5.9-1.8,13.3-1.2\tS227.6,9.9,227.4,9.8z\"\/>\n\t<path class=\"elementor-shape-fill\" d=\"M204.5,13.4c-0.1-0.1,2-1,3.2-1.1c1.2-0.1,2,0,2,0.3c0,0.3-0.1,0.5-1.6,0.4\tC206.4,12.9,204.6,13.5,204.5,13.4z\"\/>\n\t<path class=\"elementor-shape-fill\" d=\"M201,10.6c0-0.1-4.4,1.2-6.3,2.2c-1.9,0.9-6.2,3.1-6.1,3.1c0.1,0.1,4.2-1.6,6.3-2.6\tS201,10.7,201,10.6z\"\/>\n\t<path class=\"elementor-shape-fill\" d=\"M154.5,26.7c-0.1-0.1-4.6,0.3-7.2,0c-7.3-0.7-17-3.2-16.6-2.9c0.4,0.3,13.7,3.1,17,3.3\tC152.6,27.5,154.6,26.8,154.5,26.7z\"\/>\n\t<path class=\"elementor-shape-fill\" d=\"M41.9,19.3c0,0,1.2-0.3,2.9-0.1c1.7,0.2,5.8,0.9,8.2,0.7c4.2-0.4,7.4-2.7,7-2.6\tc-0.4,0-4.3,2.2-8.6,1.9c-1.8-0.1-5.1-0.5-6.7-0.4S41.9,19.3,41.9,19.3z\"\/>\n\t<path class=\"elementor-shape-fill\" d=\"M75.5,12.6c0.2,0.1,2-0.8,4.3-1.1c2.3-0.2,2.1-0.3,2.1-0.5c0-0.1-1.8-0.4-3.4,0\tC76.9,11.5,75.3,12.5,75.5,12.6z\"\/>\n\t<path class=\"elementor-shape-fill\" d=\"M15.6,13.2c0-0.1,4.3,0,6.7,0.5c2.4,0.5,5,1.9,5,2c0,0.1-2.7-0.8-5.1-1.4\tC19.9,13.7,15.7,13.3,15.6,13.2z\"\/>\n<\/svg>\t\t<\/div>\n\t\t\t\t\t<div class=\"elementor-container elementor-column-gap-default\">\n\t\t\t\t\t<div class=\"has_ae_slider elementor-column elementor-col-100 elementor-top-column elementor-element elementor-element-c48d506 ae-bg-gallery-type-default\" data-id=\"c48d506\" data-element_type=\"column\">\n\t\t\t<div class=\"elementor-widget-wrap\">\n\t\t\t\t\t\t\t\t\t<\/div>\n\t\t<\/div>\n\t\t\t\t\t\t\t<\/div>\n\t\t<\/section>\n\t\t\t\t<section class=\"has_ae_slider elementor-section elementor-top-section elementor-element elementor-element-853d1ae elementor-section-stretched elementor-section-boxed elementor-section-height-default elementor-section-height-default ae-bg-gallery-type-default\" data-id=\"853d1ae\" data-element_type=\"section\" id=\"demandesponsor\" data-settings=\"{&quot;stretch_section&quot;:&quot;section-stretched&quot;}\">\n\t\t\t\t\t\t<div class=\"elementor-container elementor-column-gap-default\">\n\t\t\t\t\t<div class=\"has_ae_slider elementor-column elementor-col-50 elementor-top-column elementor-element elementor-element-4175303 ae-bg-gallery-type-default\" data-id=\"4175303\" data-element_type=\"column\" data-settings=\"{&quot;animation&quot;:&quot;none&quot;}\">\n\t\t\t<div class=\"elementor-widget-wrap elementor-element-populated\">\n\t\t\t\t\t\t\t\t<div class=\"elementor-element elementor-element-1490b0f8 animated-fast elementor-widget elementor-widget-heading\" data-id=\"1490b0f8\" data-element_type=\"widget\" data-settings=\"{&quot;_animation&quot;:&quot;none&quot;}\" data-widget_type=\"heading.default\">\n\t\t\t\t<div class=\"elementor-widget-container\">\n\t\t\t<style>\/*! elementor - v3.5.3 - 28-12-2021 *\/\n.elementor-heading-title{padding:0;margin:0;line-height:1}.elementor-widget-heading .elementor-heading-title[class*=elementor-size-]>a{color:inherit;font-size:inherit;line-height:inherit}.elementor-widget-heading .elementor-heading-title.elementor-size-small{font-size:15px}.elementor-widget-heading .elementor-heading-title.elementor-size-medium{font-size:19px}.elementor-widget-heading .elementor-heading-title.elementor-size-large{font-size:29px}.elementor-widget-heading .elementor-heading-title.elementor-size-xl{font-size:39px}.elementor-widget-heading .elementor-heading-title.elementor-size-xxl{font-size:59px}<\/style><h3 class=\"elementor-heading-title elementor-size-default\">Demande d'Invitation au Podcast<br><\/h3>\t\t<\/div>\n\t\t\t\t<\/div>\n\t\t\t\t<div class=\"elementor-element elementor-element-1fa563e elementor-widget elementor-widget-heading\" data-id=\"1fa563e\" data-element_type=\"widget\" data-widget_type=\"heading.default\">\n\t\t\t\t<div class=\"elementor-widget-container\">\n\t\t\t<h4 class=\"elementor-heading-title elementor-size-default\">Merci de votre int\u00e9r\u00eat \u00e0 participer \u00e0 notre podcast. Veuillez remplir le formulaire ci-dessous pour soumettre votre demande.<\/h4>\t\t<\/div>\n\t\t\t\t<\/div>\n\t\t\t\t\t<\/div>\n\t\t<\/div>\n\t\t\t\t<div class=\"has_ae_slider elementor-column elementor-col-50 elementor-top-column elementor-element elementor-element-3bd37aef animated-fast ae-bg-gallery-type-default\" data-id=\"3bd37aef\" data-element_type=\"column\" data-settings=\"{&quot;background_background&quot;:&quot;classic&quot;,&quot;animation&quot;:&quot;none&quot;}\">\n\t\t\t<div class=\"elementor-widget-wrap elementor-element-populated\">\n\t\t\t\t\t\t\t\t<div class=\"elementor-element elementor-element-27e012f8 fluentform-widget-submit-button-center fluentform-widget-submit-button-custom elementor-widget elementor-widget-fluent-form-widget\" data-id=\"27e012f8\" data-element_type=\"widget\" data-widget_type=\"fluent-form-widget.default\">\n\t\t\t\t<div class=\"elementor-widget-container\">\n\t\t\t\n            <div class=\"fluentform-widget-wrapper fluentform-widget-custom-radio-checkbox fluentform-widget-align-default\">\n\n            \n            <div class='fluentform ff-default fluentform_wrapper_7 ffs_default_wrap'><form data-form_id=\"7\" id=\"fluentform_7\" class=\"frm-fluent-form fluent_form_7 ff-el-form-top ff_form_instance_7_1 ff-form-loading ffs_default\" data-form_instance=\"ff_form_instance_7_1\" method=\"POST\" action=\"\" ><fieldset  style=\"border: none!important;margin: 0!important;padding: 0!important;background-color: transparent!important;box-shadow: none!important;outline: none!important; min-inline-size: 100%;\">\n                    <legend class=\"ff_screen_reader_title\" style=\"display: block; margin: 0!important;padding: 0!important;height: 0!important;text-indent: -999999px;width: 0!important;overflow:hidden;\">Demande d'invitation<\/legend><input type='hidden' name='__fluent_form_embded_post_id' value='10040' \/><input type=\"hidden\" id=\"_fluentform_7_fluentformnonce\" name=\"_fluentform_7_fluentformnonce\" value=\"2e15fe7b90\" \/><input type=\"hidden\" name=\"_wp_http_referer\" value=\"\/fr_fr\/wp-json\/wp\/v2\/pages\/10040\" \/><div data-name=\"ff_cn_id_1\"  class='ff-t-container ff-column-container ff_columns_total_1 infosperso'><div class='ff-t-cell ff-t-column-1' style='flex-basis: 100%;'><div data-type=\"name-element\" data-name=\"names\" class=\"ff-field_container ff-name-field-wrapper\" ><div class='ff-t-container'><div class='ff-t-cell'><div class='ff-el-group'><div class=\"ff-el-input--label ff-el-is-required asterisk-right\"><label for='ff_7_names_first_name_' aria-label=\"Pr\u00e9nom\">Pr\u00e9nom<\/label><\/div><div class='ff-el-input--content'><input type=\"text\" name=\"names[first_name]\" id=\"ff_7_names_first_name_\" class=\"ff-el-form-control\" placeholder=\"Votre pr\u00e9nom.\" aria-invalid=\"false\" aria-required=\"true\"><\/div><\/div><\/div><div class='ff-t-cell'><div class='ff-el-group'><div class=\"ff-el-input--label ff-el-is-required asterisk-right\"><label for='ff_7_names_last_name_' aria-label=\"Nom\">Nom<\/label><\/div><div class='ff-el-input--content'><input type=\"text\" name=\"names[last_name]\" id=\"ff_7_names_last_name_\" class=\"ff-el-form-control\" placeholder=\"Votre nom de famille.\" aria-invalid=\"false\" aria-required=\"true\"><\/div><\/div><\/div><\/div><\/div><div class='ff-el-group'><div class=\"ff-el-input--label ff-el-is-required asterisk-right\"><label  aria-label=\"Statut\">Statut<\/label><\/div><div class='ff-el-input--content'><div class='ff-el-form-check ff-el-form-check-'><label class='ff-el-form-check-label' for=\"checkbox_fc813f0790694ee4866aa362e5d96753\"><input  type=\"checkbox\" name=\"checkbox[]\" data-name=\"checkbox\" class=\"ff-el-form-check-input ff-el-form-check-checkbox\" value=\"Une entreprise\"  id='checkbox_fc813f0790694ee4866aa362e5d96753' aria-label='Une entreprise' aria-invalid='false' aria-required=\"true\"> <span>Une entreprise<\/span><\/label><\/div><div class='ff-el-form-check ff-el-form-check-'><label class='ff-el-form-check-label' for=\"checkbox_b6fcdcd2501a9241565f862e7b507580\"><input  type=\"checkbox\" name=\"checkbox[]\" data-name=\"checkbox\" class=\"ff-el-form-check-input ff-el-form-check-checkbox\" value=\"Un particulier\"  id='checkbox_b6fcdcd2501a9241565f862e7b507580' aria-label='Un particulier' aria-invalid='false' aria-required=\"true\"> <span>Un particulier<\/span><\/label><\/div><\/div><\/div><div class='ff-el-group has-conditions'><div class=\"ff-el-input--label ff-el-is-required asterisk-right\"><label for='ff_7_input_text' aria-label=\"Nom de votre entreprise\">Nom de votre entreprise<\/label><\/div><div class='ff-el-input--content'><input type=\"text\" name=\"input_text\" class=\"ff-el-form-control\" data-name=\"input_text\" id=\"ff_7_input_text\"  aria-invalid=\"false\" aria-required=\"true\"><\/div><\/div><div class='ff-el-group'><div class=\"ff-el-input--label ff-el-is-required asterisk-right\"><label for='ff_7_input_text_2' aria-label=\"Votre profil \">Votre profil <\/label><\/div><div class='ff-el-input--content'><input type=\"text\" name=\"input_text_2\" class=\"ff-el-form-control\" placeholder=\"D\u00e9crivez votre profil (ex : entrepreneur, artiste, expert en technologie, etc.).\" data-name=\"input_text_2\" id=\"ff_7_input_text_2\"  aria-invalid=\"false\" aria-required=\"true\"><\/div><\/div><div class='ff-el-group'><div class=\"ff-el-input--label ff-el-is-required asterisk-right\"><label for='ff_7_email' aria-label=\"Email\">Email<\/label><\/div><div class='ff-el-input--content'><input type=\"email\" name=\"email\" id=\"ff_7_email\" class=\"ff-el-form-control\" placeholder=\"Votre adresse e-mail pour que nous puissions vous contacter.\" data-name=\"email\"  aria-invalid=\"false\" aria-required=\"true\"><\/div><\/div><div class='ff-el-group'><div class=\"ff-el-input--label ff-el-is-required asterisk-right\"><label for='ff_7_numeric-field_1' aria-label=\"Num\u00e9ro de telephone\">Num\u00e9ro de telephone<\/label><\/div><div class='ff-el-input--content'><input type=\"number\" name=\"numeric-field_1\" id=\"ff_7_numeric-field_1\" class=\"ff-el-form-control\" placeholder=\"Votre num\u00e9ro de t\u00e9l\u00e9phone.\" data-name=\"numeric-field_1\" inputmode=\"numeric\" step=\"any\"  aria-invalid=\"false\" aria-required=\"true\"><\/div><\/div><\/div><\/div><div data-name=\"ff_cn_id_2\"  class='ff-t-container ff-column-container ff_columns_total_1 infospod'><div class='ff-t-cell ff-t-column-1' style='flex-basis: 100%;'><div class='ff-el-group'><div class=\"ff-el-input--label ff-el-is-required asterisk-right\"><label for='ff_7_input_text_3' aria-label=\"Sujet que vous souhaitez aborder dans le podcast\">Sujet que vous souhaitez aborder dans le podcast<\/label><\/div><div class='ff-el-input--content'><input type=\"text\" name=\"input_text_3\" class=\"ff-el-form-control\" data-name=\"input_text_3\" id=\"ff_7_input_text_3\"  aria-invalid=\"false\" aria-required=\"true\"><\/div><\/div><div class='ff-el-group'><div class=\"ff-el-input--label asterisk-right\"><label for='ff_7_description_1' aria-label=\"Description\">Description<\/label><\/div><div class='ff-el-input--content'><textarea aria-invalid=\"false\" aria-required=\"false\" name=\"description_1\" id=\"ff_7_description_1\" class=\"ff-el-form-control\" placeholder=\"Veuillez fournir une courte description de votre demande et de ce que vous aimeriez partager lors du podcast.\" rows=\"3\" cols=\"2\" data-name=\"description_1\" ><\/textarea><\/div><\/div><div class='ff-el-group'><div class=\"ff-el-input--label ff-el-is-required asterisk-right\"><label  aria-label=\"Souhaitez-vous soutenir notre podcast ?\">Souhaitez-vous soutenir notre podcast ?<\/label><\/div><div class='ff-el-input--content'><div class='ff-el-form-check ff-el-form-check-'><label class='ff-el-form-check-label' for=\"input_radio_1_d8b2f4d0a05bf69bf7e11919fa12e043\"><input  type=\"radio\" name=\"input_radio_1\" data-name=\"input_radio_1\" class=\"ff-el-form-check-input ff-el-form-check-radio\" value=\"Oui\"  id='input_radio_1_d8b2f4d0a05bf69bf7e11919fa12e043' aria-label='Oui' aria-invalid='false' aria-required=\"true\"> <span>Oui<\/span><\/label><\/div><div class='ff-el-form-check ff-el-form-check-'><label class='ff-el-form-check-label' for=\"input_radio_1_1875b69866d323927b0a871ee7333e5e\"><input  type=\"radio\" name=\"input_radio_1\" data-name=\"input_radio_1\" class=\"ff-el-form-check-input ff-el-form-check-radio\" value=\"Non\"  id='input_radio_1_1875b69866d323927b0a871ee7333e5e' aria-label='Non' aria-invalid='false' aria-required=\"true\"> <span>Non<\/span><\/label><\/div><\/div><\/div><div class='ff-el-group has-conditions'><div class=\"ff-el-input--label asterisk-right\"><label  aria-label=\"Dans quelle fourchette de montant souhaitez-vous contribuer ?\">Dans quelle fourchette de montant souhaitez-vous contribuer ?<\/label><\/div><div class='ff-el-input--content'><div class='ff-el-form-check ff-el-form-check-'><label class='ff-el-form-check-label' for=\"checkbox_2_6d052cc9c4121dbb3e1959490ac4366c\"><input  type=\"checkbox\" name=\"checkbox_2[]\" data-name=\"checkbox_2\" class=\"ff-el-form-check-input ff-el-form-check-checkbox\" value=\"10.000 - 50.000   CFA\"  id='checkbox_2_6d052cc9c4121dbb3e1959490ac4366c' aria-label='10.000 - 50.000   CFA' aria-invalid='false' aria-required=\"false\"> <span>10.000 - 50.000   CFA<\/span><\/label><\/div><div class='ff-el-form-check ff-el-form-check-'><label class='ff-el-form-check-label' for=\"checkbox_2_86bf5a9665d0e0df1fbade26654108c3\"><input  type=\"checkbox\" name=\"checkbox_2[]\" data-name=\"checkbox_2\" class=\"ff-el-form-check-input ff-el-form-check-checkbox\" value=\"50.000 - 100.000  CFA\"  id='checkbox_2_86bf5a9665d0e0df1fbade26654108c3' aria-label='50.000 - 100.000  CFA' aria-invalid='false' aria-required=\"false\"> <span>50.000 - 100.000  CFA<\/span><\/label><\/div><div class='ff-el-form-check ff-el-form-check-'><label class='ff-el-form-check-label' for=\"checkbox_2_d8b746662cbc7fc6fc95d3127bea1cf4\"><input  type=\"checkbox\" name=\"checkbox_2[]\" data-name=\"checkbox_2\" class=\"ff-el-form-check-input ff-el-form-check-checkbox\" value=\"100.000 et plus    CFA\"  id='checkbox_2_d8b746662cbc7fc6fc95d3127bea1cf4' aria-label='100.000 et plus    CFA' aria-invalid='false' aria-required=\"false\"> <span>100.000 et plus    CFA<\/span><\/label><\/div><\/div><\/div><div class='ff-el-group has-conditions'><div class=\"ff-el-input--label ff-el-is-required asterisk-right\"><label  aria-label=\"Moyen de paiement pr\u00e9f\u00e9r\u00e9 :\">Moyen de paiement pr\u00e9f\u00e9r\u00e9 :<\/label><\/div><div class='ff-el-input--content'><div class='ff-el-form-check ff-el-form-check-'><label class='ff-el-form-check-label' for=\"checkbox_1_d2d4cd9d73941b056e483174c2deb759\"><input  type=\"checkbox\" name=\"checkbox_1[]\" data-name=\"checkbox_1\" class=\"ff-el-form-check-input ff-el-form-check-checkbox\" value=\"Mobile Money (Wave, OM, Free Money))\"  id='checkbox_1_d2d4cd9d73941b056e483174c2deb759' aria-label='Mobile Money (Wave, OM, Free Money))' aria-invalid='false' aria-required=\"true\"> <span>Mobile Money (Wave, OM, Free Money))<\/span><\/label><\/div><div class='ff-el-form-check ff-el-form-check-'><label class='ff-el-form-check-label' for=\"checkbox_1_7a102038bbd0837061705ced128b879c\"><input  type=\"checkbox\" name=\"checkbox_1[]\" data-name=\"checkbox_1\" class=\"ff-el-form-check-input ff-el-form-check-checkbox\" value=\"Carte bancaire\"  id='checkbox_1_7a102038bbd0837061705ced128b879c' aria-label='Carte bancaire' aria-invalid='false' aria-required=\"true\"> <span>Carte bancaire<\/span><\/label><\/div><\/div><\/div><\/div><\/div><div class='ff-el-group ff-text-left ff_submit_btn_wrapper'><button type=\"submit\" class=\"ff-btn ff-btn-submit ff-btn-md ff_btn_style\" >Envoyer votre demande<\/button><\/div><\/fieldset><input type=\"hidden\" name=\"trp-form-language\" value=\"fr_fr\"\/><\/form><div id='fluentform_7_errors' class='ff-errors-in-stack ff_form_instance_7_1 ff-form-loading_errors ff_form_instance_7_1_errors'><\/div><\/div>        <script type=\"text\/javascript\">\n            window.fluent_form_ff_form_instance_7_1 = {\"id\":\"7\",\"settings\":{\"layout\":{\"labelPlacement\":\"top\",\"helpMessagePlacement\":\"with_label\",\"errorMessagePlacement\":\"inline\"},\"restrictions\":{\"denyEmptySubmission\":{\"enabled\":false}}},\"form_instance\":\"ff_form_instance_7_1\",\"form_id_selector\":\"fluentform_7\",\"rules\":{\"names[first_name]\":{\"required\":{\"value\":true,\"message\":\"Champ obligatoire\"}},\"names[middle_name]\":{\"required\":{\"value\":false,\"message\":\"This field is required\"}},\"names[last_name]\":{\"required\":{\"value\":true,\"message\":\"Champ obligatoire\"}},\"checkbox\":{\"required\":{\"value\":true,\"message\":\"Ce champ est obligatoire\"}},\"input_text\":{\"required\":{\"value\":true,\"message\":\"Ce champ est obligatoire\"}},\"input_text_2\":{\"required\":{\"value\":true,\"message\":\"Ce champ est obligatoire\"}},\"email\":{\"required\":{\"value\":true,\"message\":\"Email field is required\"},\"email\":{\"value\":true,\"message\":\"This field must contain a valid email\"}},\"numeric-field_1\":{\"required\":{\"value\":true,\"message\":\"Ce champ est obligatoire\"},\"numeric\":{\"value\":true,\"message\":\"Ce champ doit contenir une valeur num\\u00e9rique\"},\"min\":{\"value\":\"\",\"message\":\"Valeur minimale est \"},\"max\":{\"value\":\"\",\"message\":\"Valeur maximale est \"}},\"input_text_3\":{\"required\":{\"value\":true,\"message\":\"Ce champ est obligatoire\"}},\"description_1\":{\"required\":{\"value\":false,\"message\":\"Ce champ est obligatoire\"}},\"input_radio_1\":{\"required\":{\"value\":true,\"message\":\"Ce champ est obligatoire\"}},\"checkbox_2\":{\"required\":{\"value\":false,\"message\":\"Ce champ est obligatoire\"}},\"checkbox_1\":{\"required\":{\"value\":true,\"message\":\"Ce champ est obligatoire\"}}},\"conditionals\":{\"input_text\":{\"type\":\"any\",\"status\":true,\"conditions\":[{\"field\":\"checkbox\",\"value\":\"Une entreprise\",\"operator\":\"=\"}]},\"checkbox_2\":{\"type\":\"any\",\"status\":true,\"conditions\":[{\"field\":\"input_radio_1\",\"value\":\"Oui\",\"operator\":\"=\"}]},\"checkbox_1\":{\"type\":\"any\",\"status\":true,\"conditions\":[{\"field\":\"input_radio_1\",\"value\":\"Oui\",\"operator\":\"=\"}]}}};\n                    <\/script>\n                    <\/div>\n\n            \t\t<\/div>\n\t\t\t\t<\/div>\n\t\t\t\t\t<\/div>\n\t\t<\/div>\n\t\t\t\t\t\t\t<\/div>\n\t\t<\/section>\n\t\t\t\t\t\t<\/div>\n\t\t\t\t\t<\/div>","protected":false},"excerpt":{"rendered":"<p>Demande d&#8217;Invitation au Podcast Merci de votre int\u00e9r\u00eat \u00e0 participer \u00e0 notre podcast. Veuillez remplir le formulaire ci-dessous pour soumettre votre demande. Pr\u00e9nom Nom Statut Une entreprise Un particulierNom de votre entreprise Votre profil Email Num\u00e9ro de telephone Sujet que vous souhaitez aborder dans le podcast Description Souhaitez-vous soutenir notre podcast ? Oui NonDans quelle &hellip;<\/p>\n<p class=\"read-more\"> <a class=\"\" href=\"https:\/\/woloftech.sn\/fr_fr\/demande-invitation\/\"> <span class=\"screen-reader-text\">Demande Invitation<\/span> Lire la suite\u00a0\u00bb<\/a><\/p>","protected":false},"author":1,"featured_media":9474,"parent":0,"menu_order":0,"comment_status":"closed","ping_status":"closed","template":"","meta":{"_exactmetrics_skip_tracking":false,"_exactmetrics_sitenote_active":false,"_exactmetrics_sitenote_note":"","_exactmetrics_sitenote_category":0,"site-sidebar-layout":"no-sidebar","site-content-layout":"page-builder","ast-main-header-display":"","ast-hfb-above-header-display":"","ast-hfb-below-header-display":"","ast-hfb-mobile-header-display":"","site-post-title":"disabled","ast-breadcrumbs-content":"","ast-featured-img":"disabled","footer-sml-layout":"","theme-transparent-header-meta":"","adv-header-id-meta":"","stick-header-meta":"","header-above-stick-meta":"","header-main-stick-meta":"","header-below-stick-meta":"","episode_type":"","audio_file":"","cover_image":"","cover_image_id":"","duration":"","filesize":"","date_recorded":"","explicit":"","block":"","filesize_raw":"","spay_email":""},"acf":[],"_links":{"self":[{"href":"https:\/\/woloftech.sn\/fr_fr\/wp-json\/wp\/v2\/pages\/10040"}],"collection":[{"href":"https:\/\/woloftech.sn\/fr_fr\/wp-json\/wp\/v2\/pages"}],"about":[{"href":"https:\/\/woloftech.sn\/fr_fr\/wp-json\/wp\/v2\/types\/page"}],"author":[{"embeddable":true,"href":"https:\/\/woloftech.sn\/fr_fr\/wp-json\/wp\/v2\/users\/1"}],"replies":[{"embeddable":true,"href":"https:\/\/woloftech.sn\/fr_fr\/wp-json\/wp\/v2\/comments?post=10040"}],"version-history":[{"count":21,"href":"https:\/\/woloftech.sn\/fr_fr\/wp-json\/wp\/v2\/pages\/10040\/revisions"}],"predecessor-version":[{"id":10065,"href":"https:\/\/woloftech.sn\/fr_fr\/wp-json\/wp\/v2\/pages\/10040\/revisions\/10065"}],"wp:featuredmedia":[{"embeddable":true,"href":"https:\/\/woloftech.sn\/fr_fr\/wp-json\/wp\/v2\/media\/9474"}],"wp:attachment":[{"href":"https:\/\/woloftech.sn\/fr_fr\/wp-json\/wp\/v2\/media?parent=10040"}],"curies":[{"name":"wp","href":"https:\/\/api.w.org\/{rel}","templated":true}]}}