{"id":7222,"date":"2022-06-13T07:48:22","date_gmt":"2022-06-13T05:48:22","guid":{"rendered":"https:\/\/woloftech.sn\/?page_id=7222"},"modified":"2022-08-03T17:22:07","modified_gmt":"2022-08-03T15:22:07","slug":"saisons","status":"publish","type":"page","link":"http:\/\/woloftech.sn\/fr_fr\/saisons\/","title":{"rendered":"Saisons"},"content":{"rendered":"<p>Depuis quelques ann\u00e9es au S\u00e9n\u00e9gal les nouvelles technologies connaissent une avanc\u00e9e tr\u00e8s remarquable. Nos universit\u00e9 et \u00e9cole de formation produisent beaucoup de jeunes talents qui repr\u00e9sente une main forte pour les entreprises IT du pays.<\/p>\n<p>Dans ces Universit\u00e9s nous avons &hellip; <a href=\"http:\/\/woloftech.sn\/fr_fr\/saison\/saison-7\/\" class=\"read-more\">Read the rest <\/a><\/p>","protected":false},"excerpt":{"rendered":"<p>Depuis quelques ann\u00e9es au S\u00e9n\u00e9gal les nouvelles technologies connaissent une avanc\u00e9e tr\u00e8s remarquable. Nos universit\u00e9 et \u00e9cole de formation produisent beaucoup de jeunes talents qui repr\u00e9sente une main forte pour les entreprises IT du pays.<\/p>\n\n\n\n<p>Dans ces Universit\u00e9s nous avons &hellip; <a href=\"http:\/\/woloftech.sn\/fr_fr\/saison\/saison-7\/\" class=\"read-more\">Read the rest <\/a><\/p>","protected":false},"author":1,"featured_media":0,"parent":0,"menu_order":0,"comment_status":"closed","ping_status":"closed","template":"","meta":{"_exactmetrics_skip_tracking":false,"_exactmetrics_sitenote_active":false,"_exactmetrics_sitenote_note":"","_exactmetrics_sitenote_category":0,"site-sidebar-layout":"no-sidebar","site-content-layout":"page-builder","ast-main-header-display":"","ast-hfb-above-header-display":"","ast-hfb-below-header-display":"","ast-hfb-mobile-header-display":"","site-post-title":"disabled","ast-breadcrumbs-content":"","ast-featured-img":"disabled","footer-sml-layout":"","theme-transparent-header-meta":"","adv-header-id-meta":"","stick-header-meta":"","header-above-stick-meta":"","header-main-stick-meta":"","header-below-stick-meta":"","episode_type":"","audio_file":"","cover_image":"","cover_image_id":"","duration":"","filesize":"","date_recorded":"","explicit":"","block":"","filesize_raw":"","spay_email":""},"acf":[],"_links":{"self":[{"href":"http:\/\/woloftech.sn\/fr_fr\/wp-json\/wp\/v2\/pages\/7222"}],"collection":[{"href":"http:\/\/woloftech.sn\/fr_fr\/wp-json\/wp\/v2\/pages"}],"about":[{"href":"http:\/\/woloftech.sn\/fr_fr\/wp-json\/wp\/v2\/types\/page"}],"author":[{"embeddable":true,"href":"http:\/\/woloftech.sn\/fr_fr\/wp-json\/wp\/v2\/users\/1"}],"replies":[{"embeddable":true,"href":"http:\/\/woloftech.sn\/fr_fr\/wp-json\/wp\/v2\/comments?post=7222"}],"version-history":[{"count":61,"href":"http:\/\/woloftech.sn\/fr_fr\/wp-json\/wp\/v2\/pages\/7222\/revisions"}],"predecessor-version":[{"id":8838,"href":"http:\/\/woloftech.sn\/fr_fr\/wp-json\/wp\/v2\/pages\/7222\/revisions\/8838"}],"wp:attachment":[{"href":"http:\/\/woloftech.sn\/fr_fr\/wp-json\/wp\/v2\/media?parent=7222"}],"curies":[{"name":"wp","href":"https:\/\/api.w.org\/{rel}","templated":true}]}}